{"id":6168,"date":"2021-11-04T11:45:08","date_gmt":"2021-11-04T11:45:08","guid":{"rendered":"https:\/\/foxiz.themeruby.com\/default\/?page_id=1481"},"modified":"2022-12-23T23:55:00","modified_gmt":"2022-12-23T22:55:00","slug":"contact","status":"publish","type":"page","link":"https:\/\/www.ass-security.fr\/blog\/contact\/","title":{"rendered":"Contact"},"content":{"rendered":"\t\t<div data-elementor-type=\"wp-page\" data-elementor-id=\"6168\" class=\"elementor elementor-6168\" data-elementor-post-type=\"page\">\n\t\t\t\t\t\t<section class=\"elementor-section elementor-top-section elementor-element elementor-element-caffc90 elementor-section-boxed elementor-section-height-default elementor-section-height-default\" data-id=\"caffc90\" data-element_type=\"section\" data-e-type=\"section\">\n\t\t\t\t\t\t<div class=\"elementor-container elementor-column-gap-custom\">\n\t\t\t\t\t<div class=\"elementor-column elementor-col-100 elementor-top-column elementor-element elementor-element-93fc17a\" data-id=\"93fc17a\" data-element_type=\"column\" data-e-type=\"column\">\n\t\t\t<div class=\"elementor-widget-wrap elementor-element-populated\">\n\t\t\t\t\t\t<div class=\"elementor-element elementor-element-c186811 elementor-widget elementor-widget-foxiz-heading\" data-id=\"c186811\" data-element_type=\"widget\" data-e-type=\"widget\" data-widget_type=\"foxiz-heading.default\">\n\t\t\t\t<div class=\"elementor-widget-container\">\n\t\t\t\t\t<div id=\"uid_c186811\" class=\"block-h heading-layout-c10\"><div class=\"heading-inner\"><h3 class=\"heading-title\"><span>Formulaire de contact - Demande de renseignements<\/span><\/h3><\/div><\/div>\t\t\t\t<\/div>\n\t\t\t\t<\/div>\n\t\t\t\t<div class=\"elementor-element elementor-element-25c3c22 elementor-widget elementor-widget-foxiz-heading\" data-id=\"25c3c22\" data-element_type=\"widget\" data-e-type=\"widget\" data-widget_type=\"foxiz-heading.default\">\n\t\t\t\t<div class=\"elementor-widget-container\">\n\t\t\t\t\t<div id=\"uid_25c3c22\" class=\"block-h heading-layout-c10\"><div class=\"heading-inner\"><h1 class=\"heading-title\"><span>Contactez-nous<\/span><\/h1><\/div><\/div>\t\t\t\t<\/div>\n\t\t\t\t<\/div>\n\t\t\t\t<div class=\"elementor-element elementor-element-b4baa8a elementor-widget elementor-widget-google_maps\" data-id=\"b4baa8a\" data-element_type=\"widget\" data-e-type=\"widget\" data-widget_type=\"google_maps.default\">\n\t\t\t\t<div class=\"elementor-widget-container\">\n\t\t\t\t\t\t\t<div class=\"elementor-custom-embed\">\n\t\t\t<iframe\n\t\t\t\t\tdata-src=\"https:\/\/maps.google.com\/maps?q=ass%20security&#038;t=m&#038;z=8&#038;output=embed&#038;iwloc=near\"\n\t\t\t\t\ttitle=\"ass security\"\n\t\t\t\t\taria-label=\"ass security\"\n\t\t\t src=\"data:image\/svg+xml;base64,PHN2ZyB3aWR0aD0iMSIgaGVpZ2h0PSIxIiB4bWxucz0iaHR0cDovL3d3dy53My5vcmcvMjAwMC9zdmciPjwvc3ZnPg==\" class=\"lazyload\" data-load-mode=\"1\"><\/iframe>\n\t\t<\/div>\n\t\t\t\t\t\t<\/div>\n\t\t\t\t<\/div>\n\t\t\t\t\t<\/div>\n\t\t<\/div>\n\t\t\t\t\t<\/div>\n\t\t<\/section>\n\t\t\t\t<section class=\"elementor-section elementor-top-section elementor-element elementor-element-6ba5260 elementor-section-boxed elementor-section-height-default elementor-section-height-default\" data-id=\"6ba5260\" data-element_type=\"section\" data-e-type=\"section\">\n\t\t\t\t\t\t<div class=\"elementor-container elementor-column-gap-custom\">\n\t\t\t\t\t<div class=\"elementor-column elementor-col-66 elementor-top-column elementor-element elementor-element-ffe814a\" data-id=\"ffe814a\" data-element_type=\"column\" data-e-type=\"column\">\n\t\t\t<div class=\"elementor-widget-wrap elementor-element-populated\">\n\t\t\t\t\t\t<div class=\"elementor-element elementor-element-5399611 elementor-widget elementor-widget-html\" data-id=\"5399611\" data-element_type=\"widget\" data-e-type=\"widget\" data-widget_type=\"html.default\">\n\t\t\t\t<div class=\"elementor-widget-container\">\n\t\t\t\t\t<h3>Formulaire de contact <\/h3>\n<p style=\"margin-top: 15px;font-size: 14px\">\nPour nous permettre de vous r\u00e9pondre dans les meilleurs d\u00e9lais, merci de pr\u00e9ciser votre demande :\n\nRenseignements commerciaux : pour toute demande d\u2019information sur nos services.\n\nDevenir annonceur : Communiquez sur vos produits aupr\u00e8s d\u2019une audience cibl\u00e9.\n\nWebmaster : pour toute question li\u00e9e \u00e0 un probl\u00e8me technique rencontr\u00e9 sur le site\n\nCoordonn\u00e9es : 02.52.44.37.61 | contact@ass-security.fr | ASS Security \u2013 2 rue Crucy \u2013 44000 Nantes\n\n<\/p>\t\t\t\t<\/div>\n\t\t\t\t<\/div>\n\t\t\t\t<div class=\"elementor-element elementor-element-3125def elementor-widget elementor-widget-shortcode\" data-id=\"3125def\" data-element_type=\"widget\" data-e-type=\"widget\" data-widget_type=\"shortcode.default\">\n\t\t\t\t<div class=\"elementor-widget-container\">\n\t\t\t\t\t\t\t<div class=\"elementor-shortcode\">\n<div class=\"wpcf7 no-js\" id=\"wpcf7-f1491-o1\" lang=\"fr-FR\" dir=\"ltr\" data-wpcf7-id=\"1491\">\n<div class=\"screen-reader-response\"><p role=\"status\" aria-live=\"polite\" aria-atomic=\"true\"><\/p> <ul><\/ul><\/div>\n<form action=\"\/blog\/wp-json\/wp\/v2\/pages\/6168#wpcf7-f1491-o1\" method=\"post\" class=\"wpcf7-form init\" aria-label=\"Formulaire de contact\" novalidate=\"novalidate\" data-status=\"init\">\n<fieldset class=\"hidden-fields-container\"><input type=\"hidden\" name=\"_wpcf7\" value=\"1491\" \/><input type=\"hidden\" name=\"_wpcf7_version\" value=\"6.1.5\" \/><input type=\"hidden\" name=\"_wpcf7_locale\" value=\"fr_FR\" \/><input type=\"hidden\" name=\"_wpcf7_unit_tag\" value=\"wpcf7-f1491-o1\" \/><input type=\"hidden\" name=\"_wpcf7_container_post\" value=\"0\" \/><input type=\"hidden\" name=\"_wpcf7_posted_data_hash\" value=\"\" \/>\n<\/fieldset>\n<span class=\"wpcf7-form-control-wrap\" data-name=\"your-name\"><input size=\"40\" maxlength=\"400\" class=\"wpcf7-form-control wpcf7-text wpcf7-validates-as-required\" aria-required=\"true\" aria-invalid=\"false\" placeholder=\"Votre Nom* et\/ou Entreprise\" value=\"\" type=\"text\" name=\"your-name\" \/><\/span>\n<span class=\"wpcf7-form-control-wrap\" data-name=\"your-email\"><input size=\"40\" maxlength=\"400\" class=\"wpcf7-form-control wpcf7-email wpcf7-validates-as-required wpcf7-text wpcf7-validates-as-email\" aria-required=\"true\" aria-invalid=\"false\" placeholder=\"Email*\" value=\"\" type=\"email\" name=\"your-email\" \/><\/span>\n<span class=\"wpcf7-form-control-wrap\" data-name=\"your-phone\"><input size=\"40\" maxlength=\"400\" class=\"wpcf7-form-control wpcf7-text\" aria-invalid=\"false\" placeholder=\"Num\u00e9ro de t\u00e9l\u00e9phone (Facultatif)\" value=\"\" type=\"text\" name=\"your-phone\" \/><\/span>\n<span class=\"wpcf7-form-control-wrap\" data-name=\"your-website\"><input size=\"40\" maxlength=\"400\" class=\"wpcf7-form-control wpcf7-text wpcf7-validates-as-required\" aria-required=\"true\" aria-invalid=\"false\" placeholder=\"Site internet (Facultatif)\" value=\"\" type=\"text\" name=\"your-website\" \/><\/span>\n<span class=\"wpcf7-form-control-wrap\" data-name=\"your-message\"><textarea cols=\"40\" rows=\"10\" maxlength=\"2000\" class=\"wpcf7-form-control wpcf7-textarea\" aria-invalid=\"false\" placeholder=\"D\u00e9crivez votre demande\" name=\"your-message\"><\/textarea><\/span>\n<input class=\"wpcf7-form-control wpcf7-submit has-spinner\" type=\"submit\" value=\"Envoyer Message\" \/><div class=\"wpcf7-response-output\" aria-hidden=\"true\"><\/div>\n<\/form>\n<\/div>\n<\/div>\n\t\t\t\t\t\t<\/div>\n\t\t\t\t<\/div>\n\t\t\t\t<div class=\"elementor-element elementor-element-03a801c elementor-widget elementor-widget-html\" data-id=\"03a801c\" data-element_type=\"widget\" data-e-type=\"widget\" data-widget_type=\"html.default\">\n\t\t\t\t<div class=\"elementor-widget-container\">\n\t\t\t\t\t<h3>Condition de traitement des donn\u00e9es<\/h3>\n<p style=\"margin-top: 15px;font-size: 14px\">\nMerci de nous communiquer toutes les informations qui nous aideront \u00e0 r\u00e9pondre au mieux \u00e0 votre demande. Vos donn\u00e9es personnelles sont utilis\u00e9es dans le cadre strict de l\u2019ex\u00e9cution et du suivi de votre demande par ASS Security en charge du traitement de votre demande. En application de la r\u00e9glementation sur la protection des donn\u00e9es \u00e0 caract\u00e8re personnel, vous b\u00e9n\u00e9ficiez d\u2019un droit d\u2019acc\u00e8s, de rectification, de limitation du traitement ainsi que d\u2019un droit d\u2019opposition et de portabilit\u00e9 de vos donn\u00e9es que vous pouvez exercer en vous adressant \u00e0 ASS Security \u2013 2 rue Crucy 44000 Nantes \u2013 contact@ass-security.fr\n\n<\/p>\t\t\t\t<\/div>\n\t\t\t\t<\/div>\n\t\t\t\t\t<\/div>\n\t\t<\/div>\n\t\t\t\t<div class=\"elementor-column elementor-col-33 elementor-top-column elementor-element elementor-element-75972dc\" data-id=\"75972dc\" data-element_type=\"column\" data-e-type=\"column\">\n\t\t\t<div class=\"elementor-widget-wrap elementor-element-populated\">\n\t\t\t\t\t\t<div class=\"elementor-element elementor-element-d8ea50d elementor-widget elementor-widget-foxiz-heading\" data-id=\"d8ea50d\" data-element_type=\"widget\" data-e-type=\"widget\" data-widget_type=\"foxiz-heading.default\">\n\t\t\t\t<div class=\"elementor-widget-container\">\n\t\t\t\t\t<div id=\"uid_d8ea50d\" class=\"block-h heading-layout-1\"><div class=\"heading-inner\"><h3 class=\"heading-title\"><span>Nous suivre<\/span><\/h3><\/div><\/div>\t\t\t\t<\/div>\n\t\t\t\t<\/div>\n\t\t\t\t<div class=\"elementor-element elementor-element-940fedc yes-colorful elementor-invisible elementor-widget elementor-widget-foxiz-social-follower\" data-id=\"940fedc\" data-element_type=\"widget\" data-e-type=\"widget\" data-settings=\"{&quot;_animation&quot;:&quot;fadeIn&quot;}\" data-widget_type=\"foxiz-social-follower.default\">\n\t\t\t\t<div class=\"elementor-widget-container\">\n\t\t\t\t\t<div class=\"socials-counter h6 is-style-15 is-gstyle-3 is-icon-color is-h-bg\"><div class=\"social-follower effect-fadeout\"><div class=\"follower-el fb-follower\"><a target=\"_blank\" href=\"https:\/\/facebook.com\/ASS-Security\" class=\"facebook\" aria-label=\"Facebook\" rel=\"noopener nofollow\"><\/a><span class=\"follower-inner\"><span class=\"fnicon\"><i class=\"rbi rbi-facebook\" aria-hidden=\"true\"><\/i><\/span><span class=\"fnlabel\">Facebook<\/span><span class=\"text-count\">Like<\/span><\/span><\/div><div class=\"follower-el twitter-follower\"><a target=\"_blank\" href=\"https:\/\/twitter.com\/ASS_security_\" class=\"twitter\" aria-label=\"X\" rel=\"noopener nofollow\"><\/a><span class=\"follower-inner\"><span class=\"fnicon\"><i class=\"rbi rbi-twitter\" aria-hidden=\"true\"><\/i><\/span><span class=\"fnlabel\">X<\/span><span class=\"text-count\">Cette cat\u00e9gorie dans mes favoris<\/span><\/span><\/div><div class=\"follower-el instagram-follower\"><a target=\"_blank\" href=\"https:\/\/instagram.com\/ass_security\" class=\"instagram\" aria-label=\"Instagram\" rel=\"noopener nofollow\"><\/a><span class=\"follower-inner\"><span class=\"fnicon\"><i class=\"rbi rbi-instagram\" aria-hidden=\"true\"><\/i><\/span><span class=\"fnlabel\">Instagram<\/span><span class=\"text-count\">Cette cat\u00e9gorie dans mes favoris<\/span><\/span><\/div><div class=\"follower-el youtube-follower\"><a target=\"_blank\" href=\"https:\/\/www.youtube.com\/c\/Ass-securityFr\" class=\"youtube\" aria-label=\"Youtube\" rel=\"noopener nofollow\"><\/a><span class=\"follower-inner\"><span class=\"fnicon\"><i class=\"rbi rbi-youtube\" aria-hidden=\"true\"><\/i><\/span><span class=\"fnlabel\">Youtube<\/span><span class=\"text-count\">Subscribe<\/span><\/span><\/div><\/div><\/div>\t\t\t\t<\/div>\n\t\t\t\t<\/div>\n\t\t\t\t<div class=\"elementor-element elementor-element-eaa59c8 c-align-center elementor-widget elementor-widget-foxiz-newsletter-3\" data-id=\"eaa59c8\" data-element_type=\"widget\" data-e-type=\"widget\" data-widget_type=\"foxiz-newsletter-3.default\">\n\t\t\t\t<div class=\"elementor-widget-container\">\n\t\t\t\t\t<div class=\"newsletter-sb newsletter-style is-box-gray-dash\"><div class=\"newsletter-sb-inner newsletter-inner\"><h2 class=\"newsletter-title\">Inscription Newsletter<\/h2><div class=\"newsletter-description rb-text\">Inscrivez \u00e0 notre lettre d'information<\/div><div class=\"newsletter-form\"><script>(function() {\n\twindow.mc4wp = window.mc4wp || {\n\t\tlisteners: [],\n\t\tforms: {\n\t\t\ton: function(evt, cb) {\n\t\t\t\twindow.mc4wp.listeners.push(\n\t\t\t\t\t{\n\t\t\t\t\t\tevent   : evt,\n\t\t\t\t\t\tcallback: cb\n\t\t\t\t\t}\n\t\t\t\t);\n\t\t\t}\n\t\t}\n\t}\n})();\n<\/script><!-- Mailchimp for WordPress v4.12.1 - https:\/\/wordpress.org\/plugins\/mailchimp-for-wp\/ --><form id=\"mc4wp-form-1\" class=\"mc4wp-form mc4wp-form-2134\" method=\"post\" data-id=\"2134\" data-name=\"\" ><div class=\"mc4wp-form-fields\"><p>\r\n\t<input type=\"email\" name=\"EMAIL\" placeholder=\"Votre adresse mail\" required \/>\r\n<\/p>\r\n<br>\r\n  <p>\r\n<input type=\"submit\" value=\"Envoyer\" style=\"font-family: Encode Sans Condensed;\r\n  color: #ffffff;\r\n  font-size: 15px;\r\n  background: #FFD323;\r\n  padding: 1% 10% 1% 10%;\r\n  text-decoration: none;\r\n  border:none;\">\r\n<\/p>\r\n\r\n\r\n\r\n\r\n\r\n\r\n\r\n<\/div><label style=\"display: none !important;\">Laissez ce champ vide si vous \u00eates humain\u00a0: <input type=\"text\" name=\"_mc4wp_honeypot\" value=\"\" tabindex=\"-1\" autocomplete=\"off\" \/><\/label><input type=\"hidden\" name=\"_mc4wp_timestamp\" value=\"1776526053\" \/><input type=\"hidden\" name=\"_mc4wp_form_id\" value=\"2134\" \/><input type=\"hidden\" name=\"_mc4wp_form_element_id\" value=\"mc4wp-form-1\" \/><div class=\"mc4wp-response\"><\/div><\/form><!-- \/ Mailchimp for WordPress Plugin --><\/div><\/div><\/div>\t\t\t\t<\/div>\n\t\t\t\t<\/div>\n\t\t\t\t\t<\/div>\n\t\t<\/div>\n\t\t\t\t\t<\/div>\n\t\t<\/section>\n\t\t\t\t<section class=\"elementor-section elementor-top-section elementor-element elementor-element-c373001 elementor-section-boxed elementor-section-height-default elementor-section-height-default\" data-id=\"c373001\" data-element_type=\"section\" data-e-type=\"section\">\n\t\t\t\t\t\t<div class=\"elementor-container elementor-column-gap-default\">\n\t\t\t\t\t<div class=\"elementor-column elementor-col-100 elementor-top-column elementor-element elementor-element-c10b72b\" data-id=\"c10b72b\" data-element_type=\"column\" data-e-type=\"column\">\n\t\t\t<div class=\"elementor-widget-wrap\">\n\t\t\t\t\t\t\t<\/div>\n\t\t<\/div>\n\t\t\t\t\t<\/div>\n\t\t<\/section>\n\t\t\t\t<\/div>\n\t\t","protected":false},"excerpt":{"rendered":"<p>Formulaire de contact &#8211; Demande de renseignements Contactez-nous Formulaire de contact Pour nous permettre de vous r\u00e9pondre dans les meilleurs d\u00e9lais, merci de pr\u00e9ciser votre demande : Renseignements commerciaux : pour toute demande d\u2019information sur nos services. Devenir annonceur : Communiquez sur vos produits aupr\u00e8s d\u2019une audience cibl\u00e9. Webmaster : pour toute question li\u00e9e \u00e0 [&hellip;]<\/p>\n","protected":false},"author":1,"featured_media":0,"parent":0,"menu_order":0,"comment_status":"closed","ping_status":"closed","template":"","meta":{"footnotes":""},"class_list":["post-6168","page","type-page","status-publish"],"yoast_head":"<!-- This site is optimized with the Yoast SEO plugin v27.4 - https:\/\/yoast.com\/product\/yoast-seo-wordpress\/ -->\n<title>Contact - ASS Security Blog : Dossiers \/ Tests \/ News sur les alarmes et les syst\u00e8mes de s\u00e9curit\u00e9<\/title>\n<meta name=\"robots\" content=\"index, follow, max-snippet:-1, max-image-preview:large, max-video-preview:-1\" \/>\n<link rel=\"canonical\" href=\"https:\/\/www.ass-security.fr\/blog\/contact\/\" \/>\n<meta property=\"og:locale\" content=\"fr_FR\" \/>\n<meta property=\"og:type\" content=\"article\" \/>\n<meta property=\"og:title\" content=\"Contact - ASS Security Blog : Dossiers \/ Tests \/ News sur les alarmes et les syst\u00e8mes de s\u00e9curit\u00e9\" \/>\n<meta property=\"og:description\" content=\"Formulaire de contact &#8211; Demande de renseignements Contactez-nous Formulaire de contact Pour nous permettre de vous r\u00e9pondre dans les meilleurs d\u00e9lais, merci de pr\u00e9ciser votre demande : Renseignements commerciaux : pour toute demande d\u2019information sur nos services. Devenir annonceur : Communiquez sur vos produits aupr\u00e8s d\u2019une audience cibl\u00e9. Webmaster : pour toute question li\u00e9e \u00e0 [&hellip;]\" \/>\n<meta property=\"og:url\" content=\"https:\/\/www.ass-security.fr\/blog\/contact\/\" \/>\n<meta property=\"og:site_name\" content=\"ASS Security Blog : Dossiers \/ Tests \/ News sur les alarmes et les syst\u00e8mes de s\u00e9curit\u00e9\" \/>\n<meta property=\"article:modified_time\" content=\"2022-12-23T22:55:00+00:00\" \/>\n<meta name=\"twitter:card\" content=\"summary_large_image\" \/>\n<meta name=\"twitter:label1\" content=\"Dur\u00e9e de lecture estim\u00e9e\" \/>\n\t<meta name=\"twitter:data1\" content=\"2 minutes\" \/>\n<script type=\"application\/ld+json\" class=\"yoast-schema-graph\">{\"@context\":\"https:\\\/\\\/schema.org\",\"@graph\":[{\"@type\":\"WebPage\",\"@id\":\"https:\\\/\\\/www.ass-security.fr\\\/blog\\\/contact\\\/\",\"url\":\"https:\\\/\\\/www.ass-security.fr\\\/blog\\\/contact\\\/\",\"name\":\"Contact - ASS Security Blog : Dossiers \\\/ Tests \\\/ News sur les alarmes et les syst\u00e8mes de s\u00e9curit\u00e9\",\"isPartOf\":{\"@id\":\"https:\\\/\\\/www.ass-security.fr\\\/blog\\\/#website\"},\"datePublished\":\"2021-11-04T11:45:08+00:00\",\"dateModified\":\"2022-12-23T22:55:00+00:00\",\"breadcrumb\":{\"@id\":\"https:\\\/\\\/www.ass-security.fr\\\/blog\\\/contact\\\/#breadcrumb\"},\"inLanguage\":\"fr-FR\",\"potentialAction\":[{\"@type\":\"ReadAction\",\"target\":[\"https:\\\/\\\/www.ass-security.fr\\\/blog\\\/contact\\\/\"]}]},{\"@type\":\"BreadcrumbList\",\"@id\":\"https:\\\/\\\/www.ass-security.fr\\\/blog\\\/contact\\\/#breadcrumb\",\"itemListElement\":[{\"@type\":\"ListItem\",\"position\":1,\"name\":\"Accueil\",\"item\":\"https:\\\/\\\/www.ass-security.fr\\\/blog\\\/\"},{\"@type\":\"ListItem\",\"position\":2,\"name\":\"Contact\"}]},{\"@type\":\"WebSite\",\"@id\":\"https:\\\/\\\/www.ass-security.fr\\\/blog\\\/#website\",\"url\":\"https:\\\/\\\/www.ass-security.fr\\\/blog\\\/\",\"name\":\"ASS Security Blog : Dossiers \\\/ Tests \\\/ News sur les alarmes et les syst\u00e8mes de s\u00e9curit\u00e9\",\"description\":\"Actualit\u00e9s sur les syst\u00e8mes d&#039;alarmes, tests, dossiers vid\u00e9osurveillance, Cybers\u00e9curit\u00e9 | Blog alarme | Installateur Alarme Nantes\",\"potentialAction\":[{\"@type\":\"SearchAction\",\"target\":{\"@type\":\"EntryPoint\",\"urlTemplate\":\"https:\\\/\\\/www.ass-security.fr\\\/blog\\\/?s={search_term_string}\"},\"query-input\":{\"@type\":\"PropertyValueSpecification\",\"valueRequired\":true,\"valueName\":\"search_term_string\"}}],\"inLanguage\":\"fr-FR\"}]}<\/script>\n<!-- \/ Yoast SEO plugin. -->","yoast_head_json":{"title":"Contact - ASS Security Blog : Dossiers \/ Tests \/ News sur les alarmes et les syst\u00e8mes de s\u00e9curit\u00e9","robots":{"index":"index","follow":"follow","max-snippet":"max-snippet:-1","max-image-preview":"max-image-preview:large","max-video-preview":"max-video-preview:-1"},"canonical":"https:\/\/www.ass-security.fr\/blog\/contact\/","og_locale":"fr_FR","og_type":"article","og_title":"Contact - ASS Security Blog : Dossiers \/ Tests \/ News sur les alarmes et les syst\u00e8mes de s\u00e9curit\u00e9","og_description":"Formulaire de contact &#8211; Demande de renseignements Contactez-nous Formulaire de contact Pour nous permettre de vous r\u00e9pondre dans les meilleurs d\u00e9lais, merci de pr\u00e9ciser votre demande : Renseignements commerciaux : pour toute demande d\u2019information sur nos services. Devenir annonceur : Communiquez sur vos produits aupr\u00e8s d\u2019une audience cibl\u00e9. Webmaster : pour toute question li\u00e9e \u00e0 [&hellip;]","og_url":"https:\/\/www.ass-security.fr\/blog\/contact\/","og_site_name":"ASS Security Blog : Dossiers \/ Tests \/ News sur les alarmes et les syst\u00e8mes de s\u00e9curit\u00e9","article_modified_time":"2022-12-23T22:55:00+00:00","twitter_card":"summary_large_image","twitter_misc":{"Dur\u00e9e de lecture estim\u00e9e":"2 minutes"},"schema":{"@context":"https:\/\/schema.org","@graph":[{"@type":"WebPage","@id":"https:\/\/www.ass-security.fr\/blog\/contact\/","url":"https:\/\/www.ass-security.fr\/blog\/contact\/","name":"Contact - ASS Security Blog : Dossiers \/ Tests \/ News sur les alarmes et les syst\u00e8mes de s\u00e9curit\u00e9","isPartOf":{"@id":"https:\/\/www.ass-security.fr\/blog\/#website"},"datePublished":"2021-11-04T11:45:08+00:00","dateModified":"2022-12-23T22:55:00+00:00","breadcrumb":{"@id":"https:\/\/www.ass-security.fr\/blog\/contact\/#breadcrumb"},"inLanguage":"fr-FR","potentialAction":[{"@type":"ReadAction","target":["https:\/\/www.ass-security.fr\/blog\/contact\/"]}]},{"@type":"BreadcrumbList","@id":"https:\/\/www.ass-security.fr\/blog\/contact\/#breadcrumb","itemListElement":[{"@type":"ListItem","position":1,"name":"Accueil","item":"https:\/\/www.ass-security.fr\/blog\/"},{"@type":"ListItem","position":2,"name":"Contact"}]},{"@type":"WebSite","@id":"https:\/\/www.ass-security.fr\/blog\/#website","url":"https:\/\/www.ass-security.fr\/blog\/","name":"ASS Security Blog : Dossiers \/ Tests \/ News sur les alarmes et les syst\u00e8mes de s\u00e9curit\u00e9","description":"Actualit\u00e9s sur les syst\u00e8mes d&#039;alarmes, tests, dossiers vid\u00e9osurveillance, Cybers\u00e9curit\u00e9 | Blog alarme | Installateur Alarme Nantes","potentialAction":[{"@type":"SearchAction","target":{"@type":"EntryPoint","urlTemplate":"https:\/\/www.ass-security.fr\/blog\/?s={search_term_string}"},"query-input":{"@type":"PropertyValueSpecification","valueRequired":true,"valueName":"search_term_string"}}],"inLanguage":"fr-FR"}]}},"_links":{"self":[{"href":"https:\/\/www.ass-security.fr\/blog\/wp-json\/wp\/v2\/pages\/6168","targetHints":{"allow":["GET"]}}],"collection":[{"href":"https:\/\/www.ass-security.fr\/blog\/wp-json\/wp\/v2\/pages"}],"about":[{"href":"https:\/\/www.ass-security.fr\/blog\/wp-json\/wp\/v2\/types\/page"}],"author":[{"embeddable":true,"href":"https:\/\/www.ass-security.fr\/blog\/wp-json\/wp\/v2\/users\/1"}],"replies":[{"embeddable":true,"href":"https:\/\/www.ass-security.fr\/blog\/wp-json\/wp\/v2\/comments?post=6168"}],"version-history":[{"count":0,"href":"https:\/\/www.ass-security.fr\/blog\/wp-json\/wp\/v2\/pages\/6168\/revisions"}],"wp:attachment":[{"href":"https:\/\/www.ass-security.fr\/blog\/wp-json\/wp\/v2\/media?parent=6168"}],"curies":[{"name":"wp","href":"https:\/\/api.w.org\/{rel}","templated":true}]}}